{"id":80,"date":"2023-10-27T18:06:14","date_gmt":"2023-10-27T16:06:14","guid":{"rendered":"https:\/\/mladiladifest.cz\/special-sets\/"},"modified":"2023-10-27T19:57:11","modified_gmt":"2023-10-27T17:57:11","slug":"special-sets","status":"publish","type":"page","link":"https:\/\/mladiladifest.cz\/en\/special-sets\/","title":{"rendered":"SPECIAL SETS"},"content":{"rendered":"\n<div class=\"wp-block-columns is-layout-flex wp-container-core-columns-is-layout-9d6595d7 wp-block-columns-is-layout-flex\">\n<div class=\"wp-block-column is-layout-flow wp-block-column-is-layout-flow\">\n<h2 class=\"wp-block-heading\">Tom\u00e1\u0161 S\u00fdkora &amp; Aid Kid<\/h2>\n\n\n\n<figure class=\"wp-block-embed is-type-video is-provider-youtube wp-block-embed-youtube wp-embed-aspect-16-9 wp-has-aspect-ratio\"><div class=\"wp-block-embed__wrapper\">\n<iframe loading=\"lazy\" title=\"Aid Kid, Tom\u00e1\u0161 S\u00fdkora &amp; The Augmented Jazz Ensemble\" width=\"800\" height=\"450\" src=\"https:\/\/www.youtube.com\/embed\/W8ksSQe7VuA?feature=oembed\" frameborder=\"0\" allow=\"accelerometer; autoplay; clipboard-write; encrypted-media; gyroscope; picture-in-picture; web-share\" allowfullscreen><\/iframe>\n<\/div><\/figure>\n<\/div>\n\n\n\n<div class=\"wp-block-column is-layout-flow wp-block-column-is-layout-flow\">\n<h2 class=\"wp-block-heading\">Maria Chiara Argir\u00f2 (IT\/GB)<\/h2>\n\n\n\n<figure class=\"wp-block-embed is-type-video is-provider-youtube wp-block-embed-youtube wp-embed-aspect-16-9 wp-has-aspect-ratio\"><div class=\"wp-block-embed__wrapper\">\n<iframe loading=\"lazy\" title=\"Maria Chiara Argir\u00f2 - Greenarp (Official Video)\" width=\"800\" height=\"450\" src=\"https:\/\/www.youtube.com\/embed\/kFb3WU8GSH0?feature=oembed\" frameborder=\"0\" allow=\"accelerometer; autoplay; clipboard-write; encrypted-media; gyroscope; picture-in-picture; web-share\" allowfullscreen><\/iframe>\n<\/div><\/figure>\n<\/div>\n\n\n\n<div class=\"wp-block-column is-layout-flow wp-block-column-is-layout-flow\">\n<h2 class=\"wp-block-heading\">Ashley Abrman (SK)<\/h2>\n\n\n\n<figure class=\"wp-block-embed is-type-video is-provider-youtube wp-block-embed-youtube wp-embed-aspect-16-9 wp-has-aspect-ratio\"><div class=\"wp-block-embed__wrapper\">\n<iframe loading=\"lazy\" title=\"Ashley Abrman  - Visitor (feat. Petr Kalfus) (prod. by Ochepovsky)\" width=\"800\" height=\"450\" src=\"https:\/\/www.youtube.com\/embed\/_1Jeqjt0llw?feature=oembed\" frameborder=\"0\" allow=\"accelerometer; autoplay; clipboard-write; encrypted-media; gyroscope; picture-in-picture; web-share\" allowfullscreen><\/iframe>\n<\/div><\/figure>\n<\/div>\n<\/div>\n","protected":false},"excerpt":{"rendered":"<p>Tom\u00e1\u0161 S\u00fdkora &amp; Aid Kid Maria Chiara Argir\u00f2 (IT\/GB) Ashley Abrman (SK)<\/p>\n","protected":false},"author":1,"featured_media":0,"parent":0,"menu_order":0,"comment_status":"closed","ping_status":"closed","template":"","meta":{"footnotes":""},"class_list":["post-80","page","type-page","status-publish","hentry"],"_links":{"self":[{"href":"https:\/\/mladiladifest.cz\/en\/wp-json\/wp\/v2\/pages\/80","targetHints":{"allow":["GET"]}}],"collection":[{"href":"https:\/\/mladiladifest.cz\/en\/wp-json\/wp\/v2\/pages"}],"about":[{"href":"https:\/\/mladiladifest.cz\/en\/wp-json\/wp\/v2\/types\/page"}],"author":[{"embeddable":true,"href":"https:\/\/mladiladifest.cz\/en\/wp-json\/wp\/v2\/users\/1"}],"replies":[{"embeddable":true,"href":"https:\/\/mladiladifest.cz\/en\/wp-json\/wp\/v2\/comments?post=80"}],"version-history":[{"count":1,"href":"https:\/\/mladiladifest.cz\/en\/wp-json\/wp\/v2\/pages\/80\/revisions"}],"predecessor-version":[{"id":81,"href":"https:\/\/mladiladifest.cz\/en\/wp-json\/wp\/v2\/pages\/80\/revisions\/81"}],"wp:attachment":[{"href":"https:\/\/mladiladifest.cz\/en\/wp-json\/wp\/v2\/media?parent=80"}],"curies":[{"name":"wp","href":"https:\/\/api.w.org\/{rel}","templated":true}]}}